{"id":15,"date":"2021-06-18T23:36:25","date_gmt":"2021-06-18T21:36:25","guid":{"rendered":"http:\/\/compagniemia.org\/?page_id=15"},"modified":"2023-06-16T16:56:10","modified_gmt":"2023-06-16T14:56:10","slug":"tournee","status":"publish","type":"page","link":"https:\/\/compagniemia.org\/index.php\/tournee\/","title":{"rendered":"Tourn\u00e9e"},"content":{"rendered":"\t\t<div data-elementor-type=\"wp-page\" data-elementor-id=\"15\" class=\"elementor elementor-15\" data-elementor-settings=\"[]\">\n\t\t\t\t\t\t\t<div class=\"elementor-section-wrap\">\n\t\t\t\t\t\t\t<section class=\"elementor-section elementor-top-section elementor-element elementor-element-a6459d2 elementor-section-boxed elementor-section-height-default elementor-section-height-default\" data-id=\"a6459d2\" data-element_type=\"section\">\n\t\t\t\t\t\t<div class=\"elementor-container elementor-column-gap-default\">\n\t\t\t\t\t<div class=\"elementor-column elementor-col-100 elementor-top-column elementor-element elementor-element-157a270\" data-id=\"157a270\" data-element_type=\"column\">\n\t\t\t<div class=\"elementor-widget-wrap elementor-element-populated\">\n\t\t\t\t\t\t\t\t<div class=\"elementor-element elementor-element-e42b780 elementor-widget elementor-widget-heading\" data-id=\"e42b780\" data-element_type=\"widget\" data-widget_type=\"heading.default\">\n\t\t\t\t<div class=\"elementor-widget-container\">\n\t\t\t<h2 class=\"elementor-heading-title elementor-size-default\"><a href=\"http:\/\/compagniemia.org\/index.php\/2021\/07\/22\/bartleby-mon-frere\/\"><b>Dal sogno alla scena<\/b><\/a><\/h2>\t\t<\/div>\n\t\t\t\t<\/div>\n\t\t\t\t<div class=\"elementor-element elementor-element-6058646 elementor-widget elementor-widget-text-editor\" data-id=\"6058646\" data-element_type=\"widget\" data-widget_type=\"text-editor.default\">\n\t\t\t\t<div class=\"elementor-widget-container\">\n\t\t\t\t\t\t\t<p><span style=\"font-weight: 400;\"><b>Tourn\u00e9e en Italie<br \/><\/b><\/span><\/p><p>Dates pr\u00e9c\u00e9dentes : du <span style=\"font-family: Roboto, sans-serif; font-size: 19.6px; font-variant-ligatures: normal; font-variant-caps: normal; font-weight: bold;\">18 Novembre 2022<\/span>\u00a0au <span style=\"font-family: Roboto, sans-serif; font-size: 19.6px; font-variant-ligatures: normal; font-variant-caps: normal; font-weight: bold;\">15 D\u00e9cembre 2022<\/span><\/p><p><span style=\"font-weight: 400;\"><strong>18<\/strong> et <strong>19 novembre<\/strong> : Il Funaro Centro Culturale, Pistoia &#8211; <strong>21 novembre<\/strong> : Teatro Carcana, Milano &#8211; <strong>22<\/strong> et <strong>23 novembre<\/strong> : Teatro Secci, Terni &#8211; <strong>25 novembre<\/strong> : Teatro dell&rsquo;Unione, Viterbo &#8211; <strong>26 novembre<\/strong> : Teatro Fellini, Pontinia &#8211; <strong>27 novembre<\/strong> : Teatro Artemisio, Velletri &#8211; <strong>30 novembre<\/strong> : Teatro Nuovo Pacini, Fucecchio &#8211; <strong>01<\/strong> au <strong>04 d\u00e9cembre<\/strong> : Teatro Nuovo, Napoli &#8211; <strong>06 d\u00e9cembre<\/strong> : Teatro Verdi, Sassari &#8211; <strong>07<\/strong> au <strong>11 d\u00e9cembre<\/strong> : Teatro Massimo, Cagliari &#8211; <strong>13 d\u00e9cembre<\/strong> : Teatro Camploy, Verona &#8211; <strong>14 d\u00e9cembre<\/strong> : Teatro Astra, Schio \u2013 <strong>15 d\u00e9cembre<\/strong> : Teatro MPX, Padova<\/span><\/p><p><span style=\"font-weight: 400;\"><strong>En tourn\u00e9e : octobre &#8211; d\u00e9cembre 2023<\/strong> <br \/><\/span><\/p>\t\t\t\t\t\t<\/div>\n\t\t\t\t<\/div>\n\t\t\t\t<div class=\"elementor-element elementor-element-431fb7e elementor-align-center elementor-widget elementor-widget-button\" data-id=\"431fb7e\" data-element_type=\"widget\" data-widget_type=\"button.default\">\n\t\t\t\t<div class=\"elementor-widget-container\">\n\t\t\t\t\t<div class=\"elementor-button-wrapper\">\n\t\t\t<a href=\"http:\/\/compagniemia.org\/index.php\/2022\/01\/07\/dal-sogno-alla-scena\/\" target=\"_blank\" class=\"elementor-button-link elementor-button elementor-size-md\" role=\"button\">\n\t\t\t\t\t\t<span class=\"elementor-button-content-wrapper\">\n\t\t\t\t\t\t<span class=\"elementor-button-text\">plus d'informations sur ce spectacle<\/span>\n\t\t<\/span>\n\t\t\t\t\t<\/a>\n\t\t<\/div>\n\t\t\t\t<\/div>\n\t\t\t\t<\/div>\n\t\t\t\t<div class=\"elementor-element elementor-element-4e79a0b animated-slow elementor-invisible elementor-widget elementor-widget-image\" data-id=\"4e79a0b\" data-element_type=\"widget\" data-settings=\"{&quot;_animation&quot;:&quot;fadeInLeft&quot;}\" data-widget_type=\"image.default\">\n\t\t\t\t<div class=\"elementor-widget-container\">\n\t\t\t\t\t\t\t\t\t\t\t\t\t\t\t\t<a href=\"http:\/\/compagniemia.org\/index.php\/2022\/01\/07\/dal-sogno-alla-scena\/\">\n\t\t\t\t\t\t\t<img width=\"1024\" height=\"683\" src=\"https:\/\/compagniemia.org\/wp-content\/uploads\/2022\/01\/Dal-sogno-alla-scena-2-1024x683.jpg\" class=\"attachment-large size-large\" alt=\"\" loading=\"lazy\" srcset=\"https:\/\/compagniemia.org\/wp-content\/uploads\/2022\/01\/Dal-sogno-alla-scena-2-1024x683.jpg 1024w, https:\/\/compagniemia.org\/wp-content\/uploads\/2022\/01\/Dal-sogno-alla-scena-2-300x200.jpg 300w, https:\/\/compagniemia.org\/wp-content\/uploads\/2022\/01\/Dal-sogno-alla-scena-2-768x512.jpg 768w, https:\/\/compagniemia.org\/wp-content\/uploads\/2022\/01\/Dal-sogno-alla-scena-2.jpg 1200w\" sizes=\"(max-width: 1024px) 100vw, 1024px\" \/>\t\t\t\t\t\t\t\t<\/a>\n\t\t\t\t\t\t\t\t\t\t\t\t\t\t\t<\/div>\n\t\t\t\t<\/div>\n\t\t\t\t<div class=\"elementor-element elementor-element-c8b421e elementor-widget-divider--view-line elementor-widget elementor-widget-divider\" data-id=\"c8b421e\" data-element_type=\"widget\" data-widget_type=\"divider.default\">\n\t\t\t\t<div class=\"elementor-widget-container\">\n\t\t\t\t\t<div class=\"elementor-divider\">\n\t\t\t<span class=\"elementor-divider-separator\">\n\t\t\t\t\t\t<\/span>\n\t\t<\/div>\n\t\t\t\t<\/div>\n\t\t\t\t<\/div>\n\t\t\t\t<div class=\"elementor-element elementor-element-49285ae elementor-widget elementor-widget-heading\" data-id=\"49285ae\" data-element_type=\"widget\" data-widget_type=\"heading.default\">\n\t\t\t\t<div class=\"elementor-widget-container\">\n\t\t\t<h2 class=\"elementor-heading-title elementor-size-default\"><a href=\"http:\/\/compagniemia.org\/index.php\/2021\/07\/22\/bartleby-mon-frere\/\"><b>Bartleby mon fr\u00e8re<\/b><\/a><\/h2>\t\t<\/div>\n\t\t\t\t<\/div>\n\t\t\t\t<div class=\"elementor-element elementor-element-9c5b7f8 elementor-widget elementor-widget-text-editor\" data-id=\"9c5b7f8\" data-element_type=\"widget\" data-widget_type=\"text-editor.default\">\n\t\t\t\t<div class=\"elementor-widget-container\">\n\t\t\t\t\t\t\t<p>Au <b>Th\u00e9\u00e2tre des 3 ponts<br \/><\/b><\/p><p>Rue du G\u00e9n\u00e9ral Dejean, 11400 Castelnaudary<\/p><p><strong>Report en cours<\/strong> &#8211; Pi\u00e8ce disponible en tourn\u00e9e 2024<\/p>\t\t\t\t\t\t<\/div>\n\t\t\t\t<\/div>\n\t\t\t\t<div class=\"elementor-element elementor-element-03d9e27 elementor-align-center elementor-widget elementor-widget-button\" data-id=\"03d9e27\" data-element_type=\"widget\" data-widget_type=\"button.default\">\n\t\t\t\t<div class=\"elementor-widget-container\">\n\t\t\t\t\t<div class=\"elementor-button-wrapper\">\n\t\t\t<a href=\"https:\/\/ville-castelnaudary.fr\/application\/files\/6516\/6359\/2758\/Bartleby_mon_frere.pdf\" target=\"_blank\" class=\"elementor-button-link elementor-button elementor-size-md\" role=\"button\">\n\t\t\t\t\t\t<span class=\"elementor-button-content-wrapper\">\n\t\t\t\t\t\t<span class=\"elementor-button-text\">plus d'informations sur ce spectacle<\/span>\n\t\t<\/span>\n\t\t\t\t\t<\/a>\n\t\t<\/div>\n\t\t\t\t<\/div>\n\t\t\t\t<\/div>\n\t\t\t\t<div class=\"elementor-element elementor-element-fc54b24 animated-slow elementor-invisible elementor-widget elementor-widget-image\" data-id=\"fc54b24\" data-element_type=\"widget\" data-settings=\"{&quot;_animation&quot;:&quot;fadeInRight&quot;}\" data-widget_type=\"image.default\">\n\t\t\t\t<div class=\"elementor-widget-container\">\n\t\t\t\t\t\t\t\t\t\t\t\t\t\t\t\t<a href=\"http:\/\/compagniemia.org\/index.php\/2021\/07\/22\/bartleby-mon-frere\/\">\n\t\t\t\t\t\t\t<img width=\"446\" height=\"600\" src=\"https:\/\/compagniemia.org\/wp-content\/uploads\/2021\/07\/photo-spectacle-2.jpg\" class=\"attachment-large size-large\" alt=\"Pi\u00e8ce de th\u00e9\u00e2tre Bartleby mon fr\u00e8re\" loading=\"lazy\" srcset=\"https:\/\/compagniemia.org\/wp-content\/uploads\/2021\/07\/photo-spectacle-2.jpg 446w, https:\/\/compagniemia.org\/wp-content\/uploads\/2021\/07\/photo-spectacle-2-223x300.jpg 223w\" sizes=\"(max-width: 446px) 100vw, 446px\" \/>\t\t\t\t\t\t\t\t<\/a>\n\t\t\t\t\t\t\t\t\t\t\t\t\t\t\t<\/div>\n\t\t\t\t<\/div>\n\t\t\t\t<div class=\"elementor-element elementor-element-79a3382 elementor-widget-divider--view-line elementor-widget elementor-widget-divider\" data-id=\"79a3382\" data-element_type=\"widget\" data-widget_type=\"divider.default\">\n\t\t\t\t<div class=\"elementor-widget-container\">\n\t\t\t\t\t<div class=\"elementor-divider\">\n\t\t\t<span class=\"elementor-divider-separator\">\n\t\t\t\t\t\t<\/span>\n\t\t<\/div>\n\t\t\t\t<\/div>\n\t\t\t\t<\/div>\n\t\t\t\t\t<\/div>\n\t\t<\/div>\n\t\t\t\t\t\t\t<\/div>\n\t\t<\/section>\n\t\t\t\t<section class=\"elementor-section elementor-top-section elementor-element elementor-element-43d3b0c elementor-section-boxed elementor-section-height-default elementor-section-height-default\" data-id=\"43d3b0c\" data-element_type=\"section\">\n\t\t\t\t\t\t<div class=\"elementor-container elementor-column-gap-default\">\n\t\t\t\t\t<div class=\"elementor-column elementor-col-100 elementor-top-column elementor-element elementor-element-22e17a6\" data-id=\"22e17a6\" data-element_type=\"column\">\n\t\t\t<div class=\"elementor-widget-wrap elementor-element-populated\">\n\t\t\t\t\t\t\t\t<div class=\"elementor-element elementor-element-fb75b39 animated-slow elementor-invisible elementor-widget elementor-widget-image\" data-id=\"fb75b39\" data-element_type=\"widget\" data-settings=\"{&quot;_animation&quot;:&quot;fadeInLeft&quot;}\" data-widget_type=\"image.default\">\n\t\t\t\t<div class=\"elementor-widget-container\">\n\t\t\t\t\t\t\t\t\t\t\t\t\t\t\t\t<a href=\"http:\/\/compagniemia.org\/index.php\/contact\/\">\n\t\t\t\t\t\t\t<img width=\"200\" height=\"55\" src=\"https:\/\/compagniemia.org\/wp-content\/uploads\/2021\/07\/fleche-horizon-02.png\" class=\"attachment-large size-large\" alt=\"\" loading=\"lazy\" \/>\t\t\t\t\t\t\t\t<\/a>\n\t\t\t\t\t\t\t\t\t\t\t\t\t\t\t<\/div>\n\t\t\t\t<\/div>\n\t\t\t\t\t<\/div>\n\t\t<\/div>\n\t\t\t\t\t\t\t<\/div>\n\t\t<\/section>\n\t\t\t\t\t\t<\/div>\n\t\t\t\t\t<\/div>\n\t\t","protected":false},"excerpt":{"rendered":"<p>Dal sogno alla scena Tourn\u00e9e en Italie Dates pr\u00e9c\u00e9dentes : du 18 Novembre 2022&nbsp;au 15 D\u00e9cembre 2022 18 et 19 novembre : Il Funaro Centro Culturale, Pistoia &#8211; 21 novembre : Teatro Carcana, Milano &#8211; 22 et 23 novembre : Teatro Secci, Terni &#8211; 25 novembre : Teatro dell&rsquo;Unione, Viterbo &#8211; 26 novembre : Teatro [&hellip;]<\/p>\n","protected":false},"author":1,"featured_media":2077,"parent":0,"menu_order":0,"comment_status":"closed","ping_status":"closed","template":"","meta":[],"yoast_head":"<!-- This site is optimized with the Yoast SEO plugin v18.1 - https:\/\/yoast.com\/wordpress\/plugins\/seo\/ -->\n<title>Tourn\u00e9e - Compagnie mia<\/title>\n<meta name=\"robots\" content=\"index, follow, max-snippet:-1, max-image-preview:large, max-video-preview:-1\" \/>\n<link rel=\"canonical\" href=\"https:\/\/compagniemia.org\/index.php\/tournee\/\" \/>\n<meta property=\"og:locale\" content=\"fr_FR\" \/>\n<meta property=\"og:type\" content=\"article\" \/>\n<meta property=\"og:title\" content=\"Tourn\u00e9e - Compagnie mia\" \/>\n<meta property=\"og:description\" content=\"Dal sogno alla scena Tourn\u00e9e en Italie Dates pr\u00e9c\u00e9dentes : du 18 Novembre 2022&nbsp;au 15 D\u00e9cembre 2022 18 et 19 novembre : Il Funaro Centro Culturale, Pistoia &#8211; 21 novembre : Teatro Carcana, Milano &#8211; 22 et 23 novembre : Teatro Secci, Terni &#8211; 25 novembre : Teatro dell&rsquo;Unione, Viterbo &#8211; 26 novembre : Teatro [&hellip;]\" \/>\n<meta property=\"og:url\" content=\"https:\/\/compagniemia.org\/index.php\/tournee\/\" \/>\n<meta property=\"og:site_name\" content=\"Compagnie mia\" \/>\n<meta property=\"article:modified_time\" content=\"2023-06-16T14:56:10+00:00\" \/>\n<meta property=\"og:image\" content=\"https:\/\/compagniemia.org\/wp-content\/uploads\/2022\/07\/Bartleby-mon-frere-c-Vanya-Chokrollahi-1-scaled.jpg\" \/>\n\t<meta property=\"og:image:width\" content=\"2560\" \/>\n\t<meta property=\"og:image:height\" content=\"1707\" \/>\n\t<meta property=\"og:image:type\" content=\"image\/jpeg\" \/>\n<meta name=\"twitter:card\" content=\"summary_large_image\" \/>\n<meta name=\"twitter:label1\" content=\"Dur\u00e9e de lecture estim\u00e9e\" \/>\n\t<meta name=\"twitter:data1\" content=\"2 minutes\" \/>\n<script type=\"application\/ld+json\" class=\"yoast-schema-graph\">{\"@context\":\"https:\/\/schema.org\",\"@graph\":[{\"@type\":\"WebSite\",\"@id\":\"https:\/\/compagniemia.org\/#website\",\"url\":\"https:\/\/compagniemia.org\/\",\"name\":\"Compagnie mia\",\"description\":\"\",\"potentialAction\":[{\"@type\":\"SearchAction\",\"target\":{\"@type\":\"EntryPoint\",\"urlTemplate\":\"https:\/\/compagniemia.org\/?s={search_term_string}\"},\"query-input\":\"required name=search_term_string\"}],\"inLanguage\":\"fr-FR\"},{\"@type\":\"ImageObject\",\"@id\":\"https:\/\/compagniemia.org\/index.php\/tournee\/#primaryimage\",\"inLanguage\":\"fr-FR\",\"url\":\"https:\/\/compagniemia.org\/wp-content\/uploads\/2022\/07\/Bartleby-mon-frere-c-Vanya-Chokrollahi-1-scaled.jpg\",\"contentUrl\":\"https:\/\/compagniemia.org\/wp-content\/uploads\/2022\/07\/Bartleby-mon-frere-c-Vanya-Chokrollahi-1-scaled.jpg\",\"width\":2560,\"height\":1707,\"caption\":\"Daniel Pennac & Pako Ioffredo dans Bartleby mon fr\u00e8re - compagniemia\"},{\"@type\":\"WebPage\",\"@id\":\"https:\/\/compagniemia.org\/index.php\/tournee\/#webpage\",\"url\":\"https:\/\/compagniemia.org\/index.php\/tournee\/\",\"name\":\"Tourn\u00e9e - Compagnie mia\",\"isPartOf\":{\"@id\":\"https:\/\/compagniemia.org\/#website\"},\"primaryImageOfPage\":{\"@id\":\"https:\/\/compagniemia.org\/index.php\/tournee\/#primaryimage\"},\"datePublished\":\"2021-06-18T21:36:25+00:00\",\"dateModified\":\"2023-06-16T14:56:10+00:00\",\"breadcrumb\":{\"@id\":\"https:\/\/compagniemia.org\/index.php\/tournee\/#breadcrumb\"},\"inLanguage\":\"fr-FR\",\"potentialAction\":[{\"@type\":\"ReadAction\",\"target\":[\"https:\/\/compagniemia.org\/index.php\/tournee\/\"]}]},{\"@type\":\"BreadcrumbList\",\"@id\":\"https:\/\/compagniemia.org\/index.php\/tournee\/#breadcrumb\",\"itemListElement\":[{\"@type\":\"ListItem\",\"position\":1,\"name\":\"Accueil\",\"item\":\"https:\/\/compagniemia.org\/\"},{\"@type\":\"ListItem\",\"position\":2,\"name\":\"Tourn\u00e9e\"}]}]}<\/script>\n<!-- \/ Yoast SEO plugin. -->","yoast_head_json":{"title":"Tourn\u00e9e - Compagnie mia","robots":{"index":"index","follow":"follow","max-snippet":"max-snippet:-1","max-image-preview":"max-image-preview:large","max-video-preview":"max-video-preview:-1"},"canonical":"https:\/\/compagniemia.org\/index.php\/tournee\/","og_locale":"fr_FR","og_type":"article","og_title":"Tourn\u00e9e - Compagnie mia","og_description":"Dal sogno alla scena Tourn\u00e9e en Italie Dates pr\u00e9c\u00e9dentes : du 18 Novembre 2022&nbsp;au 15 D\u00e9cembre 2022 18 et 19 novembre : Il Funaro Centro Culturale, Pistoia &#8211; 21 novembre : Teatro Carcana, Milano &#8211; 22 et 23 novembre : Teatro Secci, Terni &#8211; 25 novembre : Teatro dell&rsquo;Unione, Viterbo &#8211; 26 novembre : Teatro [&hellip;]","og_url":"https:\/\/compagniemia.org\/index.php\/tournee\/","og_site_name":"Compagnie mia","article_modified_time":"2023-06-16T14:56:10+00:00","og_image":[{"width":2560,"height":1707,"url":"https:\/\/compagniemia.org\/wp-content\/uploads\/2022\/07\/Bartleby-mon-frere-c-Vanya-Chokrollahi-1-scaled.jpg","type":"image\/jpeg"}],"twitter_card":"summary_large_image","twitter_misc":{"Dur\u00e9e de lecture estim\u00e9e":"2 minutes"},"schema":{"@context":"https:\/\/schema.org","@graph":[{"@type":"WebSite","@id":"https:\/\/compagniemia.org\/#website","url":"https:\/\/compagniemia.org\/","name":"Compagnie mia","description":"","potentialAction":[{"@type":"SearchAction","target":{"@type":"EntryPoint","urlTemplate":"https:\/\/compagniemia.org\/?s={search_term_string}"},"query-input":"required name=search_term_string"}],"inLanguage":"fr-FR"},{"@type":"ImageObject","@id":"https:\/\/compagniemia.org\/index.php\/tournee\/#primaryimage","inLanguage":"fr-FR","url":"https:\/\/compagniemia.org\/wp-content\/uploads\/2022\/07\/Bartleby-mon-frere-c-Vanya-Chokrollahi-1-scaled.jpg","contentUrl":"https:\/\/compagniemia.org\/wp-content\/uploads\/2022\/07\/Bartleby-mon-frere-c-Vanya-Chokrollahi-1-scaled.jpg","width":2560,"height":1707,"caption":"Daniel Pennac & Pako Ioffredo dans Bartleby mon fr\u00e8re - compagniemia"},{"@type":"WebPage","@id":"https:\/\/compagniemia.org\/index.php\/tournee\/#webpage","url":"https:\/\/compagniemia.org\/index.php\/tournee\/","name":"Tourn\u00e9e - Compagnie mia","isPartOf":{"@id":"https:\/\/compagniemia.org\/#website"},"primaryImageOfPage":{"@id":"https:\/\/compagniemia.org\/index.php\/tournee\/#primaryimage"},"datePublished":"2021-06-18T21:36:25+00:00","dateModified":"2023-06-16T14:56:10+00:00","breadcrumb":{"@id":"https:\/\/compagniemia.org\/index.php\/tournee\/#breadcrumb"},"inLanguage":"fr-FR","potentialAction":[{"@type":"ReadAction","target":["https:\/\/compagniemia.org\/index.php\/tournee\/"]}]},{"@type":"BreadcrumbList","@id":"https:\/\/compagniemia.org\/index.php\/tournee\/#breadcrumb","itemListElement":[{"@type":"ListItem","position":1,"name":"Accueil","item":"https:\/\/compagniemia.org\/"},{"@type":"ListItem","position":2,"name":"Tourn\u00e9e"}]}]}},"_links":{"self":[{"href":"https:\/\/compagniemia.org\/index.php\/wp-json\/wp\/v2\/pages\/15"}],"collection":[{"href":"https:\/\/compagniemia.org\/index.php\/wp-json\/wp\/v2\/pages"}],"about":[{"href":"https:\/\/compagniemia.org\/index.php\/wp-json\/wp\/v2\/types\/page"}],"author":[{"embeddable":true,"href":"https:\/\/compagniemia.org\/index.php\/wp-json\/wp\/v2\/users\/1"}],"replies":[{"embeddable":true,"href":"https:\/\/compagniemia.org\/index.php\/wp-json\/wp\/v2\/comments?post=15"}],"version-history":[{"count":129,"href":"https:\/\/compagniemia.org\/index.php\/wp-json\/wp\/v2\/pages\/15\/revisions"}],"predecessor-version":[{"id":2901,"href":"https:\/\/compagniemia.org\/index.php\/wp-json\/wp\/v2\/pages\/15\/revisions\/2901"}],"wp:featuredmedia":[{"embeddable":true,"href":"https:\/\/compagniemia.org\/index.php\/wp-json\/wp\/v2\/media\/2077"}],"wp:attachment":[{"href":"https:\/\/compagniemia.org\/index.php\/wp-json\/wp\/v2\/media?parent=15"}],"curies":[{"name":"wp","href":"https:\/\/api.w.org\/{rel}","templated":true}]}}